{"id":102,"date":"2014-10-15T23:20:49","date_gmt":"2014-10-15T21:20:49","guid":{"rendered":"http:\/\/www.infoline.be\/jacques\/?page_id=102"},"modified":"2014-10-16T13:01:17","modified_gmt":"2014-10-16T11:01:17","slug":"le-partage-des-eaux","status":"publish","type":"page","link":"http:\/\/www.infoline.be\/jacques\/le-partage-des-eaux\/","title":{"rendered":"Le partage des eaux"},"content":{"rendered":"<p>Lire aussi : <a title=\"Le partage des eaux : extraits\" href=\"http:\/\/www.infoline.be\/jacques\/le-partage-des-eaux\/le-partage-des-eaux-extraits\/\">Extraits<\/a>   <a title=\"Le partage des eaux : critiques\" href=\"http:\/\/www.infoline.be\/jacques\/le-partage-des-eaux\/le-partage-des-eaux-critiques\/\">Critiques<\/a><br \/>\n<a href=\"http:\/\/www.infoline.be\/jacques\/wp-content\/uploads\/2014\/10\/livre_partage_sml.jpg\"><img loading=\"lazy\" decoding=\"async\" src=\"http:\/\/www.infoline.be\/jacques\/wp-content\/uploads\/2014\/10\/livre_partage_sml.jpg\" alt=\"livre_partage_sml\" width=\"120\" height=\"170\" class=\"alignright size-full wp-image-29\" \/><\/a><\/p>\n<blockquote><p>\nLe partage des eaux&#8230; ou la crois\u00e9e des chemins, ce lieu de toute vie o\u00f9 le destin bascule.<br \/>\nAinsi en est-il des h\u00e9ros de cette histoire: Danielle, Marcel, Sophie, Julien&#8230;<br \/>\nAu d\u00e9but, tout est possible. Mais qu&rsquo;adviendra-t-il des liens tiss\u00e9s au cours des rencontres tant\u00f4t concert\u00e9es, tant\u00f4t fruit du hasard? Les relations se resserrent ou se distendent jusqu&rsquo;au d\u00e9nouement final inattendu, impr\u00e9visible.<br \/>\nCe roman, Jacques Goyens l&rsquo;a construit selon un sch\u00e9ma de trag\u00e9die antique: une succession d&rsquo;amours \u00e0 sens unique qui ne peut trouver de solution que dans un \u00e9v\u00e9nement tragique.\n<\/p><\/blockquote>\n","protected":false},"excerpt":{"rendered":"<p>Lire aussi : Extraits Critiques Le partage des eaux&#8230; ou la crois\u00e9e des chemins, ce lieu de toute vie o\u00f9 le destin bascule. Ainsi en est-il des h\u00e9ros de cette &hellip; <a href=\"http:\/\/www.infoline.be\/jacques\/le-partage-des-eaux\/\" class=\"more-link\">Continuer la lecture de <span class=\"screen-reader-text\">Le partage des eaux<\/span>  <span class=\"meta-nav\">&rarr;<\/span><\/a><\/p>\n","protected":false},"author":1,"featured_media":0,"parent":0,"menu_order":0,"comment_status":"closed","ping_status":"closed","template":"","meta":{"jetpack_post_was_ever_published":false,"footnotes":""},"class_list":["post-102","page","type-page","status-publish","hentry"],"jetpack_sharing_enabled":true,"jetpack_shortlink":"https:\/\/wp.me\/P5j3HX-1E","_links":{"self":[{"href":"http:\/\/www.infoline.be\/jacques\/wp-json\/wp\/v2\/pages\/102","targetHints":{"allow":["GET"]}}],"collection":[{"href":"http:\/\/www.infoline.be\/jacques\/wp-json\/wp\/v2\/pages"}],"about":[{"href":"http:\/\/www.infoline.be\/jacques\/wp-json\/wp\/v2\/types\/page"}],"author":[{"embeddable":true,"href":"http:\/\/www.infoline.be\/jacques\/wp-json\/wp\/v2\/users\/1"}],"replies":[{"embeddable":true,"href":"http:\/\/www.infoline.be\/jacques\/wp-json\/wp\/v2\/comments?post=102"}],"version-history":[{"count":4,"href":"http:\/\/www.infoline.be\/jacques\/wp-json\/wp\/v2\/pages\/102\/revisions"}],"predecessor-version":[{"id":116,"href":"http:\/\/www.infoline.be\/jacques\/wp-json\/wp\/v2\/pages\/102\/revisions\/116"}],"wp:attachment":[{"href":"http:\/\/www.infoline.be\/jacques\/wp-json\/wp\/v2\/media?parent=102"}],"curies":[{"name":"wp","href":"https:\/\/api.w.org\/{rel}","templated":true}]}}