{"id":151,"date":"2014-10-16T15:21:37","date_gmt":"2014-10-16T13:21:37","guid":{"rendered":"http:\/\/www.infoline.be\/jacques\/?page_id=151"},"modified":"2014-10-16T16:37:01","modified_gmt":"2014-10-16T14:37:01","slug":"harmoniques-critiques","status":"publish","type":"page","link":"http:\/\/www.infoline.be\/jacques\/harmoniques-2\/harmoniques-critiques\/","title":{"rendered":"Harmoniques # critiques"},"content":{"rendered":"<h6>Nos Lettres &#8211; Association des \u00e9crivains belges de langue fran\u00e7aise &#8211; n\u00b04 &#8211; avril 2001<\/h6>\n<p>La table des mati\u00e8res de ce recueil de po\u00e8mes r\u00e9v\u00e8le d\u00e9j\u00e0 le classicisme de l&rsquo;auteur (<i>Cosmiques, Lyriques, Tragiques, Rythmiques et Po\u00e9tiques<\/i>). \u00c0 pas prudents, notre po\u00e8te aborde les th\u00e8mes choisis avec un souci \u00e9vident d&#8217;embrasser tout le sujet envisag\u00e9. \u00c0 propos de sujets simples, Jacques Goyens laisse courir sa plume qui se plie aux exigences d&rsquo;un esth\u00e8te. Dans sa perception du monde, l&rsquo;imagination joue un r\u00f4le important et lui fait d\u00e9couvrir le lexique appropri\u00e9. L&rsquo;auteur est fort sensible au rythme et aux charmes de la musique en g\u00e9n\u00e9ral.<br \/>\n<strong>\u00c9mile Kesterman<\/strong><\/p>\n<table>\n<tbody>\n<tr bgcolor=\"#c9c\">\n<td>\n<h6>Les cerisiers de Jacques &#8211; Pr\u00e9face de Jean-Louis Crousse<\/h6>\n<p style=\"text-align: right;\"><i>Cerisiers en fleurs<br \/>\nSilence de l\u2019aube<br \/>\nPuret\u00e9 des sons<br \/>\nde ton \u00e2me<\/i>\n<\/p>\n<p>D\u2019un po\u00e8te l\u2019autre, le chemin est souvent aventureux, complexe et parfois, c\u2019est mon cas quand je p\u00e9n\u00e8tre dans les chambres, les jardins, les ciels de Jacques Goyens, parfois il me semble c\u2019est la porte \u00e0 c\u00f4t\u00e9. Oh! c\u2019est diff\u00e9rent, certes, mais proche, \u00e7a ne s\u2019explique pas mais se respire aux effluves des mots, c\u2019est comme \u00e7a! C\u2019est comme si, arbres toi et moi, s\u2019\u00e9tablissait entre nous une sorte de v\u00e9g\u00e9tal dialogue, de lilas \u00e0 cerisiers par exemple.<\/p>\n<p>Mais, tr\u00eave de cette m\u00e9taphorique entr\u00e9e en mati\u00e8re, allons-y voir, cherchons les contrastes o\u00f9 le po\u00e8te tour \u00e0 tour se r\u00e9v\u00e8le, se d\u00e9chire, se d\u00e9ploie \u00e0 tous les vents capricieux qui le harc\u00e8lent et, pour ce faire, je prends le titre du recueil, \u00ab Harmoniques \u00bb (avec la table des mati\u00e8res si fortement et harmonieusement structur\u00e9e: Cosmiques, Lyriques, Tragiques, Rythmiques et Po\u00e9tiques) et d\u2019autre part un des po\u00e8mes tragiques, \u00ab Le cri \u00bb pouss\u00e9 par une femme, mais d\u2019o\u00f9? \u00ab puissant, strident \u00bb, trouant le repos nocturne du po\u00e8te, entre son sommeil et le silence qui s\u2019en suit, comme une embard\u00e9e, \u00ab d\u00e9fi au bon sens, \u00e0 la mesure, \u00e0 la loi \u00bb, comme un coup de temp\u00eate, une d\u00e9ferlante d\u2019effroi sur un lieu par excellence prot\u00e9g\u00e9, intime, par vocation habit\u00e9 d\u2019un peu de luxe, calme, volupt\u00e9.<br \/>\nMais ce n\u2019est pas tout, une autre pr\u00e9occupation du po\u00e8te appara\u00eet \u00e0 cet instant, la musique. Jacques donne \u00e0 ce cri ses lettres de noblesse, et rien \u00e0 voir, selon lui, avec \u00ab les vocif\u00e9rations des noctambules \u00bb, ce cri per\u00e7u, qui le fait dresser sur son lit, rev\u00eat \u00ab la souveraine beaut\u00e9 d\u2019une vocalise \u00bb, il \u00ab se suffit \u00e0 lui-m\u00eame \u00bb.<\/p>\n<p>D\u2019o\u00f9 la question: \u00ab jailli du fond des entrailles et planant au-dessus de la ville \u00bb, est-ce encore un cri? Une fois entendu, n\u2019est-il pas plut\u00f4t \u00e9chapp\u00e9, vol\u00e9 au chaos et donc berc\u00e9 et subtilement chang\u00e9 par le d\u00e9sir d\u2019harmonie du po\u00e8te? Cette question, sans r\u00e9ponse \u00e9videmment, je me la pose \u00e0 lire ce texte qui est prose ou po\u00e9sie, et l\u00e0 non plus je ne trancherai pas, tant Jacques Goyens se poste volontiers en ces terres d\u2019entre-deux, entre le pi\u00e9tinement, voire \u00ab l\u2019amertume \u00bb des jours, et l\u2019heure transfiguratrice, et de celle-ci, que de choses \u00e0 dire! par quoi s\u2019ach\u00e8vera mon propos.<\/p>\n<p>Mais il faut expliciter avant, raison de plus de me plaire parmi ces \u00ab Harmoniques \u00bb, combien cette po\u00e9sie est impure; j\u2019entends par l\u00e0 que chaque texte est une fen\u00eatre ouverte tant\u00f4t sur un espace infini, tant\u00f4t sur un petit coin, un canton du monde, et tant\u00f4t c\u2019est \u00ab le temps d\u2019aimer, d\u2019accrocher un miroir sur le mur gris de mon inqui\u00e9tude \u00bb. Ce po\u00e8te &#8211; qui est le romancier du temps o\u00f9 \u00ab Les enfants de Munich \u00bb oubliaient les bruits et fureurs o\u00f9 furent entra\u00een\u00e9s leurs p\u00e8res pour s\u2019adonner entre s\u00e9r\u00e9nit\u00e9 et passion \u00e0 plus important, plus crucial, le contrepoint des voyages, les g\u00e9om\u00e9tries et cartographies de l\u2019amour &#8211; ce po\u00e8te est aussi une caisse de r\u00e9sonance tr\u00e8s aigu\u00eb des mille \u00e9v\u00e9nements, grands et petits, qui lui parviennent. Il y a du journaliste, du chroniqueur en lui dans l\u2019art qu\u2019il a de conter les choses de la vie, et jusqu\u2019aux faits divers, dans sa fa\u00e7on de red\u00e9couvrir Paris en parcourant ses avenues obliques, dans ses enthousiasmes, ses indignations, ses coups de c\u0153ur, ses \u00ab corps \u00e0 c\u0153ur \u00bb.<\/p>\n<p>Il faut aussi relever le souci qui est sien d\u2019\u00eatre compris, d\u2019\u00eatre lisible. J\u2019en viens enfin \u00e0 ceci: au plus fin, au plus exquis et prenant de son inspiration, Jacques Goyens n\u2019est pas le po\u00e8te du cri, mais un m\u00e9lodiste qui murmure, \u00ab d\u00e9roule son ruban de soie grise \u00bb et vole quand il peut \u00ab des moments de bonheur \u00bb \u00e0 la m\u00e9lancolie ambiante de la vie, \u00e0 l\u2019angoisse sourde, \u00e0 la maladie, la mort. Et rien ne vaut, apr\u00e8s tout, ce don du lied, m\u00e9ditatif et plut\u00f4t doux qu\u2019amer, qui est le fil d\u2019or des \u00ab Harmoniques \u00bb.<\/p>\n<p>Ainsi en ces vers:<\/p>\n<p style=\"text-align: center;\"><i>Ta prunelle de velours<br \/>\nqui luit au vent d\u2019octobre<br \/>\njoue une \u00e9trange m\u00e9lop\u00e9e<br \/>\nsur les cordes de mon \u00e2me.<\/i><\/p>\n<p style=\"text-align: right;\"><strong>Le 13-11-2000, Jean-Louis Crousse<\/strong><\/p>\n<\/td>\n<\/tr>\n<\/tbody>\n<\/table>\n","protected":false},"excerpt":{"rendered":"<p>Nos Lettres &#8211; Association des \u00e9crivains belges de langue fran\u00e7aise &#8211; n\u00b04 &#8211; avril 2001 La table des mati\u00e8res de ce recueil de po\u00e8mes r\u00e9v\u00e8le d\u00e9j\u00e0 le classicisme de l&rsquo;auteur &hellip; <a href=\"http:\/\/www.infoline.be\/jacques\/harmoniques-2\/harmoniques-critiques\/\" class=\"more-link\">Continuer la lecture de <span class=\"screen-reader-text\">Harmoniques # critiques<\/span>  <span class=\"meta-nav\">&rarr;<\/span><\/a><\/p>\n","protected":false},"author":1,"featured_media":0,"parent":132,"menu_order":0,"comment_status":"closed","ping_status":"closed","template":"","meta":{"jetpack_post_was_ever_published":false,"footnotes":""},"class_list":["post-151","page","type-page","status-publish","hentry"],"jetpack_sharing_enabled":true,"jetpack_shortlink":"https:\/\/wp.me\/P5j3HX-2r","_links":{"self":[{"href":"http:\/\/www.infoline.be\/jacques\/wp-json\/wp\/v2\/pages\/151","targetHints":{"allow":["GET"]}}],"collection":[{"href":"http:\/\/www.infoline.be\/jacques\/wp-json\/wp\/v2\/pages"}],"about":[{"href":"http:\/\/www.infoline.be\/jacques\/wp-json\/wp\/v2\/types\/page"}],"author":[{"embeddable":true,"href":"http:\/\/www.infoline.be\/jacques\/wp-json\/wp\/v2\/users\/1"}],"replies":[{"embeddable":true,"href":"http:\/\/www.infoline.be\/jacques\/wp-json\/wp\/v2\/comments?post=151"}],"version-history":[{"count":10,"href":"http:\/\/www.infoline.be\/jacques\/wp-json\/wp\/v2\/pages\/151\/revisions"}],"predecessor-version":[{"id":162,"href":"http:\/\/www.infoline.be\/jacques\/wp-json\/wp\/v2\/pages\/151\/revisions\/162"}],"up":[{"embeddable":true,"href":"http:\/\/www.infoline.be\/jacques\/wp-json\/wp\/v2\/pages\/132"}],"wp:attachment":[{"href":"http:\/\/www.infoline.be\/jacques\/wp-json\/wp\/v2\/media?parent=151"}],"curies":[{"name":"wp","href":"https:\/\/api.w.org\/{rel}","templated":true}]}}