{"id":172,"date":"2014-10-16T17:09:32","date_gmt":"2014-10-16T15:09:32","guid":{"rendered":"http:\/\/www.infoline.be\/jacques\/?page_id=172"},"modified":"2014-10-20T14:56:45","modified_gmt":"2014-10-20T12:56:45","slug":"singulier-pluriel","status":"publish","type":"page","link":"http:\/\/www.infoline.be\/jacques\/singulier-pluriel\/","title":{"rendered":"Singulier pluriel"},"content":{"rendered":"<p>Lire aussi : <a title=\"Singulier pluriel : critiques\" href=\"http:\/\/www.infoline.be\/jacques\/singulier-pluriel\/singulier-pluriel-critiques\/\">Critiques<\/a><\/p>\n<p><a href=\"http:\/\/www.infoline.be\/jacques\/wp-content\/uploads\/2014\/10\/livre_singulier_sml.jpg\"><img loading=\"lazy\" decoding=\"async\" src=\"http:\/\/www.infoline.be\/jacques\/wp-content\/uploads\/2014\/10\/livre_singulier_sml.jpg\" alt=\"livre_singulier_sml\" width=\"120\" height=\"183\" class=\"alignright size-full wp-image-31\" \/><\/a>Ce roman est parti d\u2019une r\u00e9flexion sur les multiples d\u00e9cisions que nous sommes amen\u00e9s \u00e0 prendre dans la vie et qui orientent celle-ci dans l\u2019une ou l\u2019autre direction, tant\u00f4t pour une dur\u00e9e limit\u00e9e, tant\u00f4t pour la vie enti\u00e8re.<br \/>\nCette id\u00e9e, je lui ai donn\u00e9 une forme romanesque, donc fictive, bien qu\u2019elle doive beaucoup \u00e0 mon environnement tel que je l\u2019ai connu ou observ\u00e9.<br \/>\nIl \u00e9tait une fois trois fr\u00e8res qui se pr\u00e9nommaient Arthur, Charles et Marcel. Ils \u00e9taient \u00e0 la fois semblables et diff\u00e9rents. Cette triple identit\u00e9, je l\u2019ai multipli\u00e9e par trois pour obtenir neuf histoires dont les trajectoires divergent et se rencontrent quelquefois.<br \/>\nCes neuf r\u00e9cits se situent approximativement pendant la premi\u00e8re moiti\u00e9 du XX\u00e8me si\u00e8cle. Mais cela n\u2019a pas beaucoup d\u2019importance. Il en est de m\u00eame des lieux cit\u00e9s\u00a0: si la spatio-temporalit\u00e9 est esssentielle, c\u2019est dans la mesure o\u00f9 elle nous fait prendre conscience de la relativit\u00e9 de notre destin\u00e9e.<br \/>\n<br \/><b>Singulier Pluriel<\/b>, roman<br \/>\n216 pages &#8211; Format 14&#215;20<br \/>\nEdilivre Editions APARIS, 2011<\/p>\n<ul>\n<li>Disponible en ligne chez <A HREF=\"http:\/\/www.edilivre.com\/singulier-pluriel-goyens-jacques.html\" target=\"_blank\">Edilivre.com<\/A>, <A HREF=\"http:\/\/www.amazon.fr\/Singulier-Pluriel-Jacques-Goyens\/dp\/2812199903\/ref=sr_1_2?ie=UTF8&#038;qid=1320182673&#038;sr=8-2\" target=\"_blank\">Amazon.fr<\/A>, <A HREF=\"http:\/\/www.rueducommerce.fr\/m\/ps\/mpid:MP-2F992M6370233#\" target=\"_blank\">Rueducommerce.fr<\/A>,  <A HREF=\"http:\/\/www.alapage.com\/m\/ps\/mpid:MP-2F992M6370233#moid:MO-2F992M9886799\" target=\"_blank\">Alapage.com<\/A>, <A HREF=\"http:\/\/www.chapitre.com\/CHAPITRE\/fr\/BOOK\/goyens-jacques\/singulier-pluriel,43933521.aspx\" target=\"_blank\">Chapitre.com<\/A> et <A HREF=\"http:\/\/Abebooks.fr\" target=\"_blank\">Abebooks.fr<\/A>\n<li>R\u00e9f\u00e9renc\u00e9 sur le r\u00e9seau DILICOM, base de donn\u00e9es pour les commandes en librairie\u00a0?\n<li>Egalement disponible chez l\u2019auteur au prix de 18 euros.\n<li>Compte bancaire\u00a0: BE53 0000 9381 4053\n<li>Courriel\u00a0: jacques.goyens@infoline.be\n<li>Site Internet\u00a0: www.infoline.be\/jacques\n<\/ul>\n<table>\n<tr bgcolor=\"#C69C73\">\n<td>\n<h6>La question de l&rsquo;identit\u00e9<\/h6>\n<p>A la fin du roman, le narrateur, devenu \u00e9crivain, entre dans l\u2019histoire. La question de l\u2019identit\u00e9 lui est alors pos\u00e9e, mais il n\u2019a pas la r\u00e9ponse\u00a0: <i>\u00abMaxime commen\u00e7ait \u00e0 se demander s\u2019il \u00e9tait victime d\u2019une hallucination, voire de schizophr\u00e9nie. Passe encore que le destin remette sur sa route l\u2019une ou l\u2019autre de ces femmes qu\u2019il aurait pu conna\u00eetre autrefois. Jenny par exemple, ou bien Isabelle, rencontr\u00e9e lorsqu\u2019il n\u2019\u00e9tait encore qu\u2019un jeune poulain inexp\u00e9riment\u00e9 et plein d\u2019illusions. Mais Prisca ou Myriam\u00a0! Il ne se souvenait pas avoir connu ces femmes. Elles devaient se tromper, le prendre pour un autre. Maxime avait la sensation d\u2019\u00eatre pris \u00e0 son propre pi\u00e8ge. Il avait b\u00e2ti un roman sur ce sc\u00e9nario farfelu d\u2019un h\u00e9ros qui vit neuf vies diff\u00e9rentes. Et voil\u00e0 que son histoire lui revenait \u00e0 la figure, comme un boomerang.\u00bb<\/i>\n<\/td>\n<\/tr>\n<\/table>\n","protected":false},"excerpt":{"rendered":"<p>Lire aussi : Critiques Ce roman est parti d\u2019une r\u00e9flexion sur les multiples d\u00e9cisions que nous sommes amen\u00e9s \u00e0 prendre dans la vie et qui orientent celle-ci dans l\u2019une ou &hellip; <a href=\"http:\/\/www.infoline.be\/jacques\/singulier-pluriel\/\" class=\"more-link\">Continuer la lecture de <span class=\"screen-reader-text\">Singulier pluriel<\/span>  <span class=\"meta-nav\">&rarr;<\/span><\/a><\/p>\n","protected":false},"author":1,"featured_media":0,"parent":0,"menu_order":0,"comment_status":"closed","ping_status":"closed","template":"","meta":{"jetpack_post_was_ever_published":false,"footnotes":""},"class_list":["post-172","page","type-page","status-publish","hentry"],"jetpack_sharing_enabled":true,"jetpack_shortlink":"https:\/\/wp.me\/P5j3HX-2M","_links":{"self":[{"href":"http:\/\/www.infoline.be\/jacques\/wp-json\/wp\/v2\/pages\/172","targetHints":{"allow":["GET"]}}],"collection":[{"href":"http:\/\/www.infoline.be\/jacques\/wp-json\/wp\/v2\/pages"}],"about":[{"href":"http:\/\/www.infoline.be\/jacques\/wp-json\/wp\/v2\/types\/page"}],"author":[{"embeddable":true,"href":"http:\/\/www.infoline.be\/jacques\/wp-json\/wp\/v2\/users\/1"}],"replies":[{"embeddable":true,"href":"http:\/\/www.infoline.be\/jacques\/wp-json\/wp\/v2\/comments?post=172"}],"version-history":[{"count":7,"href":"http:\/\/www.infoline.be\/jacques\/wp-json\/wp\/v2\/pages\/172\/revisions"}],"predecessor-version":[{"id":191,"href":"http:\/\/www.infoline.be\/jacques\/wp-json\/wp\/v2\/pages\/172\/revisions\/191"}],"wp:attachment":[{"href":"http:\/\/www.infoline.be\/jacques\/wp-json\/wp\/v2\/media?parent=172"}],"curies":[{"name":"wp","href":"https:\/\/api.w.org\/{rel}","templated":true}]}}