{"id":213,"date":"2014-10-20T16:18:19","date_gmt":"2014-10-20T14:18:19","guid":{"rendered":"http:\/\/www.infoline.be\/jacques\/?page_id=213"},"modified":"2014-10-20T16:27:36","modified_gmt":"2014-10-20T14:27:36","slug":"la-vie-la-bas-critiques","status":"publish","type":"page","link":"http:\/\/www.infoline.be\/jacques\/la-vie-la-bas\/la-vie-la-bas-critiques\/","title":{"rendered":"La Vie, l\u00e0-bas # critiques"},"content":{"rendered":"<h6>Pascale Lora Schyns<\/h6>\n<p>Elle frappe \u00e0 la porte. Myriam n&rsquo;ouvre pas. Elle insiste. Myriam<br \/>\nouvre. Personne n&rsquo;a le droit de refuser qu&rsquo;Elle vous rende visite<br \/>\nle jour o\u00f9 la funeste fantaisie lui prend de venir vous \u00f4ter le droit<br \/>\nau bonheur. Car Elle, la Mort, ne laisse \u00e0 personne le temps de lui<br \/>\npr\u00e9parer une tasse de th\u00e9 afin de l&rsquo;amadouer, de lui donner l&rsquo;envie<br \/>\nde repasser une autre fois, plus tard, beaucoup plus tard.<br \/>\nL&rsquo;auteur nous d\u00e9crit le long et p\u00e9nible combat que m\u00e8ne Myriam<br \/>\nface \u00e0 la maladie, fatale. Il la soutient de toute la force de son<br \/>\namour, de celle de ses mots. L&rsquo;atmosph\u00e8re est lourde, le d\u00e9sespoir<br \/>\npr\u00e9sent \u00e0 chaque instant. Parce que la douleur est insupportable!<br \/>\nEt pourtant, si la mort n&rsquo;\u00e9tait pas aussi forte qu&rsquo;elle le para\u00eet?<br \/>\nSi la vie malgr\u00e9 tout reprenait le dessus? C&rsquo;est la lumi\u00e8re<br \/>\nque nous laisse entrevoir l&rsquo;auteur dans la deuxi\u00e8me partie<br \/>\nde son livre et aussi dans les textes magnifiques<br \/>\nqu&rsquo;il offre \u00e0 celle qu&rsquo;il a tant aim\u00e9e.<\/p>\n<p style=\"text-align: right;\"><strong>Pascale Lora Schyns<\/strong><\/p>\n","protected":false},"excerpt":{"rendered":"<p>Pascale Lora Schyns Elle frappe \u00e0 la porte. Myriam n&rsquo;ouvre pas. Elle insiste. Myriam ouvre. Personne n&rsquo;a le droit de refuser qu&rsquo;Elle vous rende visite le jour o\u00f9 la funeste &hellip; <a href=\"http:\/\/www.infoline.be\/jacques\/la-vie-la-bas\/la-vie-la-bas-critiques\/\" class=\"more-link\">Continuer la lecture de <span class=\"screen-reader-text\">La Vie, l\u00e0-bas # critiques<\/span>  <span class=\"meta-nav\">&rarr;<\/span><\/a><\/p>\n","protected":false},"author":1,"featured_media":0,"parent":193,"menu_order":0,"comment_status":"closed","ping_status":"closed","template":"","meta":{"jetpack_post_was_ever_published":false,"footnotes":""},"class_list":["post-213","page","type-page","status-publish","hentry"],"jetpack_sharing_enabled":true,"jetpack_shortlink":"https:\/\/wp.me\/P5j3HX-3r","_links":{"self":[{"href":"http:\/\/www.infoline.be\/jacques\/wp-json\/wp\/v2\/pages\/213","targetHints":{"allow":["GET"]}}],"collection":[{"href":"http:\/\/www.infoline.be\/jacques\/wp-json\/wp\/v2\/pages"}],"about":[{"href":"http:\/\/www.infoline.be\/jacques\/wp-json\/wp\/v2\/types\/page"}],"author":[{"embeddable":true,"href":"http:\/\/www.infoline.be\/jacques\/wp-json\/wp\/v2\/users\/1"}],"replies":[{"embeddable":true,"href":"http:\/\/www.infoline.be\/jacques\/wp-json\/wp\/v2\/comments?post=213"}],"version-history":[{"count":4,"href":"http:\/\/www.infoline.be\/jacques\/wp-json\/wp\/v2\/pages\/213\/revisions"}],"predecessor-version":[{"id":224,"href":"http:\/\/www.infoline.be\/jacques\/wp-json\/wp\/v2\/pages\/213\/revisions\/224"}],"up":[{"embeddable":true,"href":"http:\/\/www.infoline.be\/jacques\/wp-json\/wp\/v2\/pages\/193"}],"wp:attachment":[{"href":"http:\/\/www.infoline.be\/jacques\/wp-json\/wp\/v2\/media?parent=213"}],"curies":[{"name":"wp","href":"https:\/\/api.w.org\/{rel}","templated":true}]}}