{"id":226,"date":"2014-10-20T16:37:06","date_gmt":"2014-10-20T14:37:06","guid":{"rendered":"http:\/\/www.infoline.be\/jacques\/?page_id=226"},"modified":"2014-10-20T16:42:02","modified_gmt":"2014-10-20T14:42:02","slug":"mon-pere-cet-inconnu","status":"publish","type":"page","link":"http:\/\/www.infoline.be\/jacques\/mon-pere-cet-inconnu\/","title":{"rendered":"Mon p\u00e8re, cet inconnu"},"content":{"rendered":"<p>Lire aussi : <a title=\"Mon p\u00e8re, cet inconnu : extraits\" href=\"http:\/\/www.infoline.be\/jacques\/mon-pere-cet-inconnu\/mon-pere-cet-inconnu-extraits\/\">Extraits<\/a>     <a title=\"Mon p\u00e8re, cet inconnu : critiques\" href=\"http:\/\/www.infoline.be\/jacques\/mon-pere-cet-inconnu\/mon-pere-cet-inconnu-critiques\/\">Critiques<\/a><\/p>\n<p><a href=\"http:\/\/www.infoline.be\/jacques\/wp-content\/uploads\/2014\/10\/livre_pere_sml.jpg\"><img loading=\"lazy\" decoding=\"async\" src=\"http:\/\/www.infoline.be\/jacques\/wp-content\/uploads\/2014\/10\/livre_pere_sml.jpg\" alt=\"livre_pere_sml\" width=\"120\" height=\"187\" class=\"alignright size-full wp-image-30\" \/><\/a><\/p>\n<p><a href=\"http:\/\/www.infoline.be\/jacques\/wp-content\/uploads\/2014\/10\/pere_famille.jpg\"><img loading=\"lazy\" decoding=\"async\" src=\"http:\/\/www.infoline.be\/jacques\/wp-content\/uploads\/2014\/10\/pere_famille.jpg\" alt=\"pere_famille\" width=\"300\" height=\"295\" class=\"alignleft size-full wp-image-36\" \/><\/a>Sur cette photo dat\u00e9e de 1909, qui est mon p\u00e8re? Voil\u00e0 une des \u00e9nigmes que j&rsquo;ai eu \u00e0 r\u00e9soudre. A travers le r\u00e9cit d&rsquo;une vie ni plus extraordinaire, ni plus banale qu&rsquo;une autre, c&rsquo;est tout une \u00e9poque qui revit, du d\u00e9but du 20e si\u00e8cle jusqu&rsquo;\u00e0 l&rsquo;Expo 58. Deux guerres mondiales marqu\u00e8rent profond\u00e9ment les t\u00e9moins de ce demi si\u00e8cle, au cours duquel des \u00eatres de chair et de sang ont v\u00e9cu, se sont aim\u00e9s, ont souffert et sont morts, laissant \u00e0 leur descendants un h\u00e9ritage et des valeurs \u00e0 perp\u00e9tuer.<br \/>\nIl aura fallu que j&rsquo;atteigne l&rsquo;\u00e2ge de soixante-sept ans pour d\u00e9couvrir cette liasse de documents enfouis au fond de ma cave. Comment sont-ils arriv\u00e9s l\u00e0? Probablement entass\u00e9s avec d&rsquo;autres objets apr\u00e8s le d\u00e9c\u00e8s de ma m\u00e8re, dans la pr\u00e9cipitation, lorsqu&rsquo;il faut vider les lieux. Mais toi, tu nous as quitt\u00e9s il y a bien longtemps, presque un demi-si\u00e8cle. Je venais d&rsquo;avoir vingt et un ans, quand un infarctus ta brutalement \u00f4t\u00e9 la vie, une vie que je d\u00e9couvre maintenant \u00e0 la lumi\u00e8re de ces documents et de ces lettres. Et je constate avec stupeur que je ne te connaissais pas. Pourtant nous avons v\u00e9cu une vingtaine d&rsquo;ann\u00e9es c\u00f4te \u00e0 c\u00f4te, mais sur des chemins parall\u00e8les qui ne se crois\u00e8rent qu&rsquo;en de rares occasions.<br \/>\nQuant \u00e0 ton pass\u00e9, jusqu&rsquo;\u00e0 ma naissance, c&rsquo;\u00e9tait pour moi un trou noir, une terre inconnue. Seules quelques bribes d&rsquo;information \u00e9taient parvenues \u00e0 mes oreilles d&rsquo;enfant, puis d&rsquo;adolescent. Il est vrai que j&rsquo;\u00e9tais un enfant timide, r\u00e9serv\u00e9. Je n&rsquo;osais pas poser de questions, persuad\u00e9 que de toute fa\u00e7on ton pass\u00e9 ne me concernait pas. Je pressentais seulement que ta jeunesse avait \u00e9t\u00e9 difficile. Mais peut-\u00eatre \u00e9tait-ce au sein de la famille un sujet tabou.<br \/>\nEt voil\u00e0 qu&rsquo;aujourd&rsquo;hui je d\u00e9couvre mon vrai p\u00e8re, celui qui \u00e9tait cach\u00e9 dans cette liasse de documents et que, bon gr\u00e9 mal gr\u00e9, il n&rsquo;a pas pu \u00eatre pendant les vingt ann\u00e9es que nous avons v\u00e9cu ensemble. C&rsquo;est pourquoi aujourd&rsquo;hui je d\u00e9cide de te faire rena\u00eetre. Les t\u00e9moignages que tu as laiss\u00e9s n&rsquo;\u00e9taient qu&rsquo;en sommeil, comme anesth\u00e9si\u00e9s par une glaciation de pr\u00e8s d&rsquo;un demi-si\u00e8cle. Je vais reprendre tout depuis le d\u00e9but. C&rsquo;est justice. Je te dois bien \u00e7a.<\/p>\n","protected":false},"excerpt":{"rendered":"<p>Lire aussi : Extraits Critiques Sur cette photo dat\u00e9e de 1909, qui est mon p\u00e8re? Voil\u00e0 une des \u00e9nigmes que j&rsquo;ai eu \u00e0 r\u00e9soudre. A travers le r\u00e9cit d&rsquo;une vie &hellip; <a href=\"http:\/\/www.infoline.be\/jacques\/mon-pere-cet-inconnu\/\" class=\"more-link\">Continuer la lecture de <span class=\"screen-reader-text\">Mon p\u00e8re, cet inconnu<\/span>  <span class=\"meta-nav\">&rarr;<\/span><\/a><\/p>\n","protected":false},"author":1,"featured_media":0,"parent":0,"menu_order":0,"comment_status":"closed","ping_status":"closed","template":"","meta":{"jetpack_post_was_ever_published":false,"footnotes":""},"class_list":["post-226","page","type-page","status-publish","hentry"],"jetpack_sharing_enabled":true,"jetpack_shortlink":"https:\/\/wp.me\/P5j3HX-3E","_links":{"self":[{"href":"http:\/\/www.infoline.be\/jacques\/wp-json\/wp\/v2\/pages\/226","targetHints":{"allow":["GET"]}}],"collection":[{"href":"http:\/\/www.infoline.be\/jacques\/wp-json\/wp\/v2\/pages"}],"about":[{"href":"http:\/\/www.infoline.be\/jacques\/wp-json\/wp\/v2\/types\/page"}],"author":[{"embeddable":true,"href":"http:\/\/www.infoline.be\/jacques\/wp-json\/wp\/v2\/users\/1"}],"replies":[{"embeddable":true,"href":"http:\/\/www.infoline.be\/jacques\/wp-json\/wp\/v2\/comments?post=226"}],"version-history":[{"count":5,"href":"http:\/\/www.infoline.be\/jacques\/wp-json\/wp\/v2\/pages\/226\/revisions"}],"predecessor-version":[{"id":232,"href":"http:\/\/www.infoline.be\/jacques\/wp-json\/wp\/v2\/pages\/226\/revisions\/232"}],"wp:attachment":[{"href":"http:\/\/www.infoline.be\/jacques\/wp-json\/wp\/v2\/media?parent=226"}],"curies":[{"name":"wp","href":"https:\/\/api.w.org\/{rel}","templated":true}]}}