{"id":267,"date":"2014-10-25T13:47:17","date_gmt":"2014-10-25T11:47:17","guid":{"rendered":"http:\/\/www.infoline.be\/jacques\/?page_id=267"},"modified":"2014-10-25T14:05:58","modified_gmt":"2014-10-25T12:05:58","slug":"chants-a-deux-voix-extraits","status":"publish","type":"page","link":"http:\/\/www.infoline.be\/jacques\/chants-a-deux-voix\/chants-a-deux-voix-extraits\/","title":{"rendered":"Chants \u00e0 deux voix<br \/> # extraits"},"content":{"rendered":"<h6>Beaut\u00e9<\/h6>\n<p>tu es mon holocauste<br \/>\no\u00f9 sont morts tous mes d\u00e9sirs<br \/>\nd\u2019autres festins de chair.<br \/>\nTandis que la terre,<br \/>\nplong\u00e9e dans le n\u00e9ant<br \/>\ntourne absurdement,<br \/>\ntravers\u00e9e \u00e7\u00e0 et l\u00e0<br \/>\nd\u2019\u00e9clairs languissants,<br \/>\nj\u2019ai go\u00fbt\u00e9 l\u2019apocalypse<br \/>\ndans la fulgurance de tes baisers.<br \/>\nJ\u2019ai connu tour \u00e0 tour<br \/>\nla promesse de l\u2019aube,<br \/>\nl\u2019espoir et la peur<br \/>\ndu pass\u00e9 compos\u00e9.<br \/>\nMais je veux courir encore<br \/>\nles sph\u00e8res incandescentes,<br \/>\nm\u2019inscrire pour un temps<br \/>\ndans le cercle de nos bras<br \/>\net sonder le myst\u00e8re<br \/>\nd\u2019une vie \u00e9ph\u00e9m\u00e8re<br \/>\ndans la fleur de ton amour.<\/p>\n<table>\n<tr bgcolor=\"#ADB5C6\">\n<td>\n<h6>Rencontre<\/h6>\n<p>Sous les arcades mill\u00e9naires,<br \/>\nsa petite robe jaune<br \/>\njetait une tache claire<br \/>\nsur la teinte grise de la pierre.<br \/>\nDe suite je fus charm\u00e9<br \/>\npar le son \u00e9clatant de sa voix.<br \/>\nSa gaiet\u00e9 un peu forc\u00e9e<br \/>\ntrahissait quelque secret<br \/>\nd\u2019un douloureux pass\u00e9.<br \/>\nJe la revis le soir,<br \/>\nv\u00eatue d\u2019une robe noire.<br \/>\nL\u00e0 je captai ses premiers regards,<br \/>\npleins de myst\u00e8res,<br \/>\ntandis que nous communiions<br \/>\naux accents de Victor Hugo.<br \/>\nPuis, autour d\u2019une table de bistrot,<br \/>\nce furent les premi\u00e8res confidences,<br \/>\no\u00f9 le pass\u00e9 d\u00e9file<br \/>\nen quelques morceaux choisis\u00a0:<br \/>\npremiers abandons,<br \/>\nceux de la parole qui d\u00e9livre<br \/>\npar la magie d\u2019une oreille attentive.\n<\/td>\n<\/tr>\n<\/table>\n<h6>D\u00e9couverte<\/h6>\n<p>Ah! le Nouveau Monde!<br \/>\nSes grands espaces,<br \/>\nses gratte-ciel et ses dollars!<br \/>\n<br \/>\nLe soleil n\u2019en finit pas<br \/>\nde se coucher sur l\u2019Atlantique.<br \/>\nA travers le hublot, j\u2019observe<br \/>\nson disque d\u2019or illuminant<br \/>\nl\u2019horizon de sa palette rougeoyante.<br \/>\nEnfin le grand oiseau se pose:<br \/>\n\u00e9trange sensation de torpeur<br \/>\net d\u2019ivresse m\u00eal\u00e9es.<br \/>\nTel Christophe Colomb<br \/>\nd\u00e9barquant de la Santa Maria,<br \/>\nj\u2019entre en contact avec les Am\u00e9rindiens<br \/>\nheureux dans leur nudit\u00e9 premi\u00e8re.<br \/>\nJe suis Jacques Cartier d\u00e9couvrant<br \/>\nles immensit\u00e9s laiteuses du Grand Nord<br \/>\no\u00f9 chassent et p\u00eachent les Inuits.<br \/>\nTel Fran\u00e7ois-Ren\u00e9 de Chateaubriand<br \/>\nj\u2019arpente les solitudes sans nom<br \/>\nde la Louisiane.<br \/>\nMais bient\u00f4t l\u2019app\u00e2t de l\u2019or<br \/>\nvient troubler cette belle harmonie.<br \/>\nL\u2019homme, avide de profit,<br \/>\nd\u00e9boise, construit, creuse le sol,<br \/>\nfait jaillir l\u2019or noir<br \/>\net couler le sang rouge<br \/>\ndes Comanches, des Iroquois et des Hurons.<br \/>\nLes immigr\u00e9s, Fran\u00e7ais, Anglais,<br \/>\nIrlandais, Italiens, Polonais<br \/>\nd\u00e9barquent en foule.<br \/>\nDes bateaux entiers vomissent<br \/>\nleur cargaison humaine<br \/>\ny apportant le meilleur et le pire.<br \/>\nA la paix des grandes \u00e9tendues<br \/>\nsucc\u00e8dent la prosp\u00e9rit\u00e9, la richesse<br \/>\net quelques souvenirs.<br \/>\n<br \/>\nS\u00e9r\u00e9nit\u00e9 des temps anciens,<br \/>\nfi\u00e8vre des temps modernes,<br \/>\nsubtile alchimie de l\u2019apprenti sorcier<br \/>\nqu\u2019est l\u2019homme suspendu<br \/>\nentre deux infinis.<\/p>\n<table>\n<tr bgcolor=\"#ADB5C6\">\n<td>\n<h6>Sablet, cru 2002<\/h6>\n<p>Sablet dresse son clocher<br \/>\ndans la lumi\u00e8re qui palpite,<br \/>\ntandis que dans les rues<br \/>\ns\u2019agglutinent innocemment<br \/>\nles fous de l\u2019\u00e9criture.<br \/>\nIls offrent au passant<br \/>\nde leur folie<br \/>\nla derni\u00e8re mouture,<br \/>\ndans l\u2019\u00e9lan insens\u00e9<br \/>\nd\u2019\u00eatre lus et aim\u00e9s.\n<\/td>\n<\/tr>\n<\/table>\n<h6>Jeux olympiques<\/h6>\n<p>Jeux olympiques<br \/>\nrecords \u00e0 battre<br \/>\n\u00e0 tout prix<br \/>\nd\u00e9sespoir du vaincu<br \/>\npath\u00e9tique<br \/>\ntriomphe du vainqueur<br \/>\ngeste phallique<br \/>\nOlympie pleure<\/p>\n","protected":false},"excerpt":{"rendered":"<p>Beaut\u00e9 tu es mon holocauste o\u00f9 sont morts tous mes d\u00e9sirs d\u2019autres festins de chair. Tandis que la terre, plong\u00e9e dans le n\u00e9ant tourne absurdement, travers\u00e9e \u00e7\u00e0 et l\u00e0 d\u2019\u00e9clairs &hellip; <a href=\"http:\/\/www.infoline.be\/jacques\/chants-a-deux-voix\/chants-a-deux-voix-extraits\/\" class=\"more-link\">Continuer la lecture de <span class=\"screen-reader-text\">Chants \u00e0 deux voix<br \/> # extraits<\/span>  <span class=\"meta-nav\">&rarr;<\/span><\/a><\/p>\n","protected":false},"author":1,"featured_media":0,"parent":262,"menu_order":0,"comment_status":"closed","ping_status":"closed","template":"","meta":{"jetpack_post_was_ever_published":false,"footnotes":""},"class_list":["post-267","page","type-page","status-publish","hentry"],"jetpack_sharing_enabled":true,"jetpack_shortlink":"https:\/\/wp.me\/P5j3HX-4j","_links":{"self":[{"href":"http:\/\/www.infoline.be\/jacques\/wp-json\/wp\/v2\/pages\/267","targetHints":{"allow":["GET"]}}],"collection":[{"href":"http:\/\/www.infoline.be\/jacques\/wp-json\/wp\/v2\/pages"}],"about":[{"href":"http:\/\/www.infoline.be\/jacques\/wp-json\/wp\/v2\/types\/page"}],"author":[{"embeddable":true,"href":"http:\/\/www.infoline.be\/jacques\/wp-json\/wp\/v2\/users\/1"}],"replies":[{"embeddable":true,"href":"http:\/\/www.infoline.be\/jacques\/wp-json\/wp\/v2\/comments?post=267"}],"version-history":[{"count":6,"href":"http:\/\/www.infoline.be\/jacques\/wp-json\/wp\/v2\/pages\/267\/revisions"}],"predecessor-version":[{"id":274,"href":"http:\/\/www.infoline.be\/jacques\/wp-json\/wp\/v2\/pages\/267\/revisions\/274"}],"up":[{"embeddable":true,"href":"http:\/\/www.infoline.be\/jacques\/wp-json\/wp\/v2\/pages\/262"}],"wp:attachment":[{"href":"http:\/\/www.infoline.be\/jacques\/wp-json\/wp\/v2\/media?parent=267"}],"curies":[{"name":"wp","href":"https:\/\/api.w.org\/{rel}","templated":true}]}}