{"id":288,"date":"2014-10-25T14:25:50","date_gmt":"2014-10-25T12:25:50","guid":{"rendered":"http:\/\/www.infoline.be\/jacques\/?page_id=288"},"modified":"2014-10-25T14:43:18","modified_gmt":"2014-10-25T12:43:18","slug":"insondable-enigme","status":"publish","type":"page","link":"http:\/\/www.infoline.be\/jacques\/insondable-enigme\/","title":{"rendered":"L&rsquo;insondable \u00e9nigme"},"content":{"rendered":"<p>Lire aussi : <a title=\"L'insondable \u00e9nigme : critiques\" href=\"http:\/\/www.infoline.be\/jacques\/insondable-enigme\/insondable-enigme-critiques\/\">Critiques<\/a><br \/>\n<a href=\"http:\/\/www.infoline.be\/jacques\/wp-content\/uploads\/2014\/10\/livre_enigme.jpg\"><img loading=\"lazy\" decoding=\"async\" src=\"http:\/\/www.infoline.be\/jacques\/wp-content\/uploads\/2014\/10\/livre_enigme.jpg\" alt=\"livre_enigme\" width=\"120\" height=\"174\" class=\"alignright size-full wp-image-24\" \/><\/a>Les nouvelles de Jacques Goyens essaient d\u2019\u00e9lucider une \u00e9nigme dont personne n\u2019a jamais trouv\u00e9 la r\u00e9ponse. Est-ce l\u2019amour, sont-ce les femmes qui rendent la vie si belle et si difficile?<br \/>\nLa langue fluide et les notations tr\u00e8s pr\u00e9cises de l\u2019auteur mettent en \u00e9vidence les valses h\u00e9sitations de la perversion, des \u00ab je veux \u00bb suivis des \u00ab je ne veux pas \u00bb, des malentendus, des doubles jeux, voire de la m\u00e9chancet\u00e9, du f\u00e9tichisme. Le lecteur assiste aussi \u00e0 quelques vraies rencontres, souvent uniques parce qu\u2019\u00e9ph\u00e9m\u00e8res.<\/p>\n","protected":false},"excerpt":{"rendered":"<p>Lire aussi : Critiques Les nouvelles de Jacques Goyens essaient d\u2019\u00e9lucider une \u00e9nigme dont personne n\u2019a jamais trouv\u00e9 la r\u00e9ponse. Est-ce l\u2019amour, sont-ce les femmes qui rendent la vie si &hellip; <a href=\"http:\/\/www.infoline.be\/jacques\/insondable-enigme\/\" class=\"more-link\">Continuer la lecture de <span class=\"screen-reader-text\">L&rsquo;insondable \u00e9nigme<\/span>  <span class=\"meta-nav\">&rarr;<\/span><\/a><\/p>\n","protected":false},"author":1,"featured_media":0,"parent":0,"menu_order":0,"comment_status":"closed","ping_status":"closed","template":"","meta":{"jetpack_post_was_ever_published":false,"footnotes":""},"class_list":["post-288","page","type-page","status-publish","hentry"],"jetpack_sharing_enabled":true,"jetpack_shortlink":"https:\/\/wp.me\/P5j3HX-4E","_links":{"self":[{"href":"http:\/\/www.infoline.be\/jacques\/wp-json\/wp\/v2\/pages\/288","targetHints":{"allow":["GET"]}}],"collection":[{"href":"http:\/\/www.infoline.be\/jacques\/wp-json\/wp\/v2\/pages"}],"about":[{"href":"http:\/\/www.infoline.be\/jacques\/wp-json\/wp\/v2\/types\/page"}],"author":[{"embeddable":true,"href":"http:\/\/www.infoline.be\/jacques\/wp-json\/wp\/v2\/users\/1"}],"replies":[{"embeddable":true,"href":"http:\/\/www.infoline.be\/jacques\/wp-json\/wp\/v2\/comments?post=288"}],"version-history":[{"count":4,"href":"http:\/\/www.infoline.be\/jacques\/wp-json\/wp\/v2\/pages\/288\/revisions"}],"predecessor-version":[{"id":299,"href":"http:\/\/www.infoline.be\/jacques\/wp-json\/wp\/v2\/pages\/288\/revisions\/299"}],"wp:attachment":[{"href":"http:\/\/www.infoline.be\/jacques\/wp-json\/wp\/v2\/media?parent=288"}],"curies":[{"name":"wp","href":"https:\/\/api.w.org\/{rel}","templated":true}]}}