{"id":301,"date":"2014-10-25T15:16:20","date_gmt":"2014-10-25T13:16:20","guid":{"rendered":"http:\/\/www.infoline.be\/jacques\/?page_id=301"},"modified":"2015-02-17T21:28:28","modified_gmt":"2015-02-17T20:28:28","slug":"la-france-en-dix-lecons","status":"publish","type":"page","link":"http:\/\/www.infoline.be\/jacques\/la-france-en-dix-lecons\/","title":{"rendered":"La France en dix le\u00e7ons"},"content":{"rendered":"<p>Lire aussi : <a href=\"http:\/\/www.infoline.be\/jacques\/la-france-en-dix-lecons\/la-france-en-dix-lecons-extraits\/\" title=\"La France en dix le\u00e7ons# extraits\">Extraits<\/a> <a href=\"http:\/\/www.infoline.be\/jacques\/la-france-en-dix-lecons\/la-france-en-dix-leconscritiques\/\" title=\"La France en dix le\u00e7ons#critiques\">Critiques<\/a><\/p>\n<ol>\n<a href=\"http:\/\/www.infoline.be\/jacques\/wp-content\/uploads\/2014\/10\/livre_france_sml.jpg\"><img loading=\"lazy\" decoding=\"async\" src=\"http:\/\/www.infoline.be\/jacques\/wp-content\/uploads\/2014\/10\/livre_france_sml.jpg\" alt=\"livre_france_sml\" width=\"120\" height=\"162\" class=\"alignright size-full wp-image-25\" \/><\/a>\t<\/p>\n<li>Le pays<\/li>\n<li>La soci\u00e9t\u00e9 fran\u00e7aise<\/li>\n<li>La politique<\/li>\n<li>L&rsquo;esprit cart\u00e9sien et la langue fran\u00e7aise<\/li>\n<li>La culture<\/li>\n<li>Le caract\u00e8re des Fran\u00e7ais<\/li>\n<li>La cuisine et la gastronomie<\/li>\n<li>L&rsquo;amour et les rapports entre les sexes<\/li>\n<li>L&rsquo;humour<\/li>\n<li>Instantan\u00e9s<\/li>\n<\/ol>\n<blockquote><p>\u00ab\u00a0Je me suis maintes fois demand\u00e9 ce qui faisait l&rsquo;unit\u00e9 de la France hexagonale, car je ne puis consid\u00e9rer que la Guadeloupe, la R\u00e9union ou quelque autre Dom-Tom partagent au m\u00eame titre que l&rsquo;\u00cele-de-France, la Bretagne ou le Languedoc la quintessence de l&rsquo;esprit fran\u00e7ais.\u00a0\u00bb <\/p><\/blockquote>\n<p>L&rsquo;ouvrage r\u00e9pond \u00e0 un double objectif:<\/p>\n<ol>\n<li>Fournir une information bien document\u00e9e sur les sp\u00e9cificit\u00e9s fran\u00e7aises.<\/li>\n<li>Apporter \u00e0 ce tableau une touche personnelle : la vision d&rsquo;un t\u00e9moin ext\u00e9rieur qui fr\u00e9quente et observe la France et les Fran\u00e7ais depuis une trentaine d&rsquo;ann\u00e9es.<\/li>\n<\/ol>\n","protected":false},"excerpt":{"rendered":"<p>Lire aussi : Extraits Critiques Le pays La soci\u00e9t\u00e9 fran\u00e7aise La politique L&rsquo;esprit cart\u00e9sien et la langue fran\u00e7aise La culture Le caract\u00e8re des Fran\u00e7ais La cuisine et la gastronomie L&rsquo;amour &hellip; <a href=\"http:\/\/www.infoline.be\/jacques\/la-france-en-dix-lecons\/\" class=\"more-link\">Continuer la lecture de <span class=\"screen-reader-text\">La France en dix le\u00e7ons<\/span>  <span class=\"meta-nav\">&rarr;<\/span><\/a><\/p>\n","protected":false},"author":1,"featured_media":0,"parent":0,"menu_order":0,"comment_status":"closed","ping_status":"closed","template":"","meta":{"jetpack_post_was_ever_published":false,"footnotes":""},"class_list":["post-301","page","type-page","status-publish","hentry"],"jetpack_sharing_enabled":true,"jetpack_shortlink":"https:\/\/wp.me\/P5j3HX-4R","_links":{"self":[{"href":"http:\/\/www.infoline.be\/jacques\/wp-json\/wp\/v2\/pages\/301","targetHints":{"allow":["GET"]}}],"collection":[{"href":"http:\/\/www.infoline.be\/jacques\/wp-json\/wp\/v2\/pages"}],"about":[{"href":"http:\/\/www.infoline.be\/jacques\/wp-json\/wp\/v2\/types\/page"}],"author":[{"embeddable":true,"href":"http:\/\/www.infoline.be\/jacques\/wp-json\/wp\/v2\/users\/1"}],"replies":[{"embeddable":true,"href":"http:\/\/www.infoline.be\/jacques\/wp-json\/wp\/v2\/comments?post=301"}],"version-history":[{"count":7,"href":"http:\/\/www.infoline.be\/jacques\/wp-json\/wp\/v2\/pages\/301\/revisions"}],"predecessor-version":[{"id":392,"href":"http:\/\/www.infoline.be\/jacques\/wp-json\/wp\/v2\/pages\/301\/revisions\/392"}],"wp:attachment":[{"href":"http:\/\/www.infoline.be\/jacques\/wp-json\/wp\/v2\/media?parent=301"}],"curies":[{"name":"wp","href":"https:\/\/api.w.org\/{rel}","templated":true}]}}