{"id":455,"date":"2017-05-20T18:12:36","date_gmt":"2017-05-20T16:12:36","guid":{"rendered":"http:\/\/www.infoline.be\/jacques\/?page_id=455"},"modified":"2017-05-30T11:58:38","modified_gmt":"2017-05-30T09:58:38","slug":"villes-carrefours-de-civilisation","status":"publish","type":"page","link":"http:\/\/www.infoline.be\/jacques\/villes-carrefours-de-civilisation\/","title":{"rendered":"Villes-carrefours de civilisation"},"content":{"rendered":"<p>Lire aussi : <a title=\"Villes-carrefours#extraits\" href=\"http:\/\/www.infoline.be\/jacques\/villes-carrefours-de-civilisation\/villes-carrefours-extraits\/\">Extraits<\/a> <a title=\"Villes-carrefours#critiques\" href=\"http:\/\/www.infoline.be\/jacques\/villes-carrefours-de-civilisation\/villes-carrefours-critiques\/\">Critiques<\/a><\/p>\n<p><img loading=\"lazy\" decoding=\"async\" class=\"alignright wp-image-480 size-medium\" src=\"http:\/\/www.infoline.be\/jacques\/wp-content\/uploads\/2017\/05\/Cover-Villes-carrefours-191x300.jpg\" alt=\"\" width=\"191\" height=\"300\" srcset=\"http:\/\/www.infoline.be\/jacques\/wp-content\/uploads\/2017\/05\/Cover-Villes-carrefours-191x300.jpg 191w, http:\/\/www.infoline.be\/jacques\/wp-content\/uploads\/2017\/05\/Cover-Villes-carrefours.jpg 259w\" sizes=\"auto, (max-width: 191px) 100vw, 191px\" \/>Depuis la nuit des temps, les peuples se sont d\u00e9plac\u00e9s sur la surface de la terre. Il y a plus de cent mille ans d\u00e9j\u00e0, Homo Sapiens a \u00e9migr\u00e9 de l\u2019Est africain vers la P\u00e9ninsule arabique.<\/p>\n<p>L\u2019histoire de l\u2019humanit\u00e9 est une longue succession d\u2019invasions, de conqu\u00eates et de mouvements de populations, parfois pacifiques, mais le plus souvent belliqueux. De grands empires se sont constitu\u00e9s\u00a0: vers 500 av. J.-C., l\u2019Empire perse s\u2019\u00e9tendait de la Mer \u00c9g\u00e9e jusqu\u2019\u00e0 l\u2019Indus. Pendant le premier mill\u00e9naire apr\u00e8s J.-C. se succ\u00e9d\u00e8rent l\u2019Empire romain, les invasions germaniques et la conqu\u00eate arabe, pour ne citer que les principales causes migratoires. Au XVe si\u00e8cle, les Europ\u00e9ens se lanc\u00e8rent dans l\u2019exploration puis la conqu\u00eate du Nouveau Monde, sans abandonner pour autant leurs rivalit\u00e9s internes et leurs ambitions territoriales. Royaumes et empires se disput\u00e8rent la supr\u00e9matie en Europe et ensuite dans les colonies d\u2019Am\u00e9rique, d\u2019Afrique et d\u2019Asie.<\/p>\n<p>Dans ce contexte, il n\u2019est pas surprenant que les traditions et les modes de pens\u00e9e se soient crois\u00e9s et parfois heurt\u00e9s violemment. La religion servit souvent de pr\u00e9texte \u00e0 ces affrontements. De ce constat est n\u00e9e l\u2019id\u00e9e de cet ouvrage. Bien des si\u00e8cles plus tard, les grandes villes, qui au cours de leur histoire sont pass\u00e9s d\u2019une autorit\u00e9 politique \u00e0 une autre, portent les traces de ces civilisations successives.<\/p>\n<p>Pour illustrer ce propos, nous avons choisi de fa\u00e7on arbitraire six villes. Trois d\u2019entre elles font partie de l\u2019Europe\u00a0: Bruxelles, Strasbourg et Trieste. Istanbul est situ\u00e9e aux confins de l\u2019Europe et de l\u2019Asie. Tanger est la ville la plus septentrionale de l\u2019Afrique. Et la derni\u00e8re, Montr\u00e9al, appartient \u00e0 l\u2019Am\u00e9rique du Nord, o\u00f9 Fran\u00e7ais et Anglais ont export\u00e9 leur rivalit\u00e9 s\u00e9culaire.<\/p>\n<p>Au-del\u00e0 de ces rivalit\u00e9s, nous avons voulu mettre en \u00e9vidence ce que les m\u00e9langes de populations ont apport\u00e9 de positif en mati\u00e8re culturelle. Pour chaque ville, l\u2019analyse se subdivise en quatre points. Une description nous a paru indispensable pour comprendre l\u2019incidence de la g\u00e9ographie dans l\u2019\u00e9volution \u00e9conomique et culturelle. Ensuite place \u00e0 l\u2019histoire de chaque ville, depuis sa fondation jusqu\u2019\u00e0 nos jours. Une troisi\u00e8me partie est consacr\u00e9e au patrimoine. Nous avons retenu les aspects les plus significatifs de l\u2019architecture, qui est l\u2019art le plus intimement li\u00e9 \u00e0 l\u2019\u00e2me d\u2019une ville. Un bref aper\u00e7u des mus\u00e9es compl\u00e8te ce descriptif. Enfin une quatri\u00e8me partie, \u00ab\u00a0Enjeux et perspectives\u00a0\u00bb, a pour but de mettre en \u00e9vidence les probl\u00e8mes sp\u00e9cifiques de chaque ville, en mati\u00e8re \u00e9conomique, politique et culturelle.<\/p>\n","protected":false},"excerpt":{"rendered":"<p>Lire aussi : Extraits Critiques Depuis la nuit des temps, les peuples se sont d\u00e9plac\u00e9s sur la surface de la terre. Il y a plus de cent mille ans d\u00e9j\u00e0, &hellip; <a href=\"http:\/\/www.infoline.be\/jacques\/villes-carrefours-de-civilisation\/\" class=\"more-link\">Continuer la lecture de <span class=\"screen-reader-text\">Villes-carrefours de civilisation<\/span>  <span class=\"meta-nav\">&rarr;<\/span><\/a><\/p>\n","protected":false},"author":1,"featured_media":0,"parent":0,"menu_order":0,"comment_status":"closed","ping_status":"closed","template":"","meta":{"jetpack_post_was_ever_published":false,"footnotes":""},"class_list":["post-455","page","type-page","status-publish","hentry"],"jetpack_sharing_enabled":true,"jetpack_shortlink":"https:\/\/wp.me\/P5j3HX-7l","_links":{"self":[{"href":"http:\/\/www.infoline.be\/jacques\/wp-json\/wp\/v2\/pages\/455","targetHints":{"allow":["GET"]}}],"collection":[{"href":"http:\/\/www.infoline.be\/jacques\/wp-json\/wp\/v2\/pages"}],"about":[{"href":"http:\/\/www.infoline.be\/jacques\/wp-json\/wp\/v2\/types\/page"}],"author":[{"embeddable":true,"href":"http:\/\/www.infoline.be\/jacques\/wp-json\/wp\/v2\/users\/1"}],"replies":[{"embeddable":true,"href":"http:\/\/www.infoline.be\/jacques\/wp-json\/wp\/v2\/comments?post=455"}],"version-history":[{"count":7,"href":"http:\/\/www.infoline.be\/jacques\/wp-json\/wp\/v2\/pages\/455\/revisions"}],"predecessor-version":[{"id":487,"href":"http:\/\/www.infoline.be\/jacques\/wp-json\/wp\/v2\/pages\/455\/revisions\/487"}],"wp:attachment":[{"href":"http:\/\/www.infoline.be\/jacques\/wp-json\/wp\/v2\/media?parent=455"}],"curies":[{"name":"wp","href":"https:\/\/api.w.org\/{rel}","templated":true}]}}