{"id":457,"date":"2017-05-20T18:16:18","date_gmt":"2017-05-20T16:16:18","guid":{"rendered":"http:\/\/www.infoline.be\/jacques\/?page_id=457"},"modified":"2017-05-30T11:11:12","modified_gmt":"2017-05-30T09:11:12","slug":"villes-carrefours-extraits","status":"publish","type":"page","link":"http:\/\/www.infoline.be\/jacques\/villes-carrefours-de-civilisation\/villes-carrefours-extraits\/","title":{"rendered":"Villes-carrefours<br># Extraits"},"content":{"rendered":"<h4><span style=\"color: #3366ff;\">Strasbourg &#8211; Enjeux et perspectives<\/span><\/h4>\n<p style=\"text-align: justify;\">Depuis deux mille ans, Strasbourg est situ\u00e9e aux confins de deux mondes, le monde latin et le monde germanique. Quelle est donc sa v\u00e9ritable nature\u00a0? La question peut para\u00eetre iconoclaste pour bon nombre de Fran\u00e7ais qui consid\u00e8rent que l&rsquo;Alsace est fran\u00e7aise, puisqu&rsquo;elle fait partie int\u00e9grante de la R\u00e9publique fran\u00e7aise. C&rsquo;est peut-\u00eatre oublier un peu vite l&#8217;empreinte de l&rsquo;histoire.<br \/>\nPenchons-nous sur la ligne du temps, qui a vu cette ville changer plusieurs fois de main. Si l&rsquo;on date la fondation de Strateburgum de l&rsquo;occupation franque, soit en 450 de notre \u00e8re, elle a 1560 ans. Sur ce laps de temps, la pr\u00e9sence germanique, prussienne et allemande cumul\u00e9e s&rsquo;\u00e9l\u00e8ve \u00e0 863 ans, soit plus de la moiti\u00e9. Et encore, est-il raisonnable de consid\u00e9rer la p\u00e9riode franque (450-842) comme agent de la romanit\u00e9\u00a0? Ce serait oublier que les Francs \u00e9taient des Germains.<br \/>\nOn objectera que Jules C\u00e9sar est arriv\u00e9 en Alsace peu avant J.-C., qu\u2019il y a implant\u00e9 la langue latine d&rsquo;o\u00f9 d\u00e9rive le fran\u00e7ais. CQFD. Mais pour interpr\u00e9ter cette donn\u00e9e, il faudrait savoir combien de Francs parlaient le latin du Ve au IXe si\u00e8cle. Il faut noter \u00e0 ce propos que la pr\u00e9sence romaine \u00e0 Strasbourg est nettement moins significative que dans d&rsquo;autres villes telles que Tr\u00eaves qui en a conserv\u00e9 d&rsquo;importants vestiges.<br \/>\nLe fait est que, \u00e0 partir du Trait\u00e9 de Verdun, les parlers germaniques ont largement domin\u00e9 les \u00e9changes \u00e0 Strasbourg et en Alsace en g\u00e9n\u00e9ral. Par cons\u00e9quent, ne faut-il pas consid\u00e9rer que, si on parle aujourd&rsquo;hui le fran\u00e7ais en Alsace, ce n&rsquo;est pas d\u00fb \u00e0 Jules C\u00e9sar, mais \u00e0 Louis XIV. Il en r\u00e9sulte que la p\u00e9riode fran\u00e7aise se r\u00e9duit \u00e0 moins de trois si\u00e8cles, de 1681 \u00e0 2015, avec deux interm\u00e8des germaniques, l&rsquo;un de 48 ann\u00e9es et l&rsquo;autre de 4 ans.<\/p>\n<p style=\"text-align: justify;\">L&rsquo;histoire de la Biblioth\u00e8que de Strasbourg est \u00e0 cet \u00e9gard significative. \u00c0 partir du XVIe si\u00e8cle, la biblioth\u00e8que du s\u00e9minaire protestant recueille le fonds du Gymnase Jean-Sturm. Une autre biblioth\u00e8que, municipale, est cr\u00e9\u00e9e au XVIIIe si\u00e8cle \u00e0 partir d&rsquo;un fonds priv\u00e9. Ces deux biblioth\u00e8ques rassemblent alors 300\u00a0000 volumes, dont 3\u00a0446 manuscrits de l&rsquo;\u00e9poque m\u00e9di\u00e9vale. Un grand nombre de ces ouvrages sont r\u00e9dig\u00e9s en latin.<br \/>\nLors de l&rsquo;invasion prussienne du 24 ao\u00fbt 1870, le bombardement et l&rsquo;incendie du Temple-Neuf d\u00e9truisent la quasi-totalit\u00e9 de ces collections. Un appel aux dons est lanc\u00e9. Un an plus tard, 200 000 volumes sont rassembl\u00e9s. La biblioth\u00e8que prend le nom de Kaiserliche Universit\u00e4ts und Landesbibliothek zu Strassburg, install\u00e9e d&rsquo;abord au Palais Rohan, avant d&rsquo;int\u00e9grer en 1895 le nouveau b\u00e2timent de style n\u00e9o-Renaissance italienne.<\/p>\n<hr \/>\n<h4><span style=\"color: #3366ff;\">Montr\u00e9al &#8211; Enjeux et perspectives<\/span><\/h4>\n<p style=\"text-align: justify;\">Qu\u00e9bec, une \u00eele francophone dans un oc\u00e9an anglophone, telle est la situation de ce territoire grand comme trois fois la France, mais peupl\u00e9 seulement de sept millions d&rsquo;habitants. D\u00e8s lors on peut comprendre les craintes des Qu\u00e9b\u00e9cois d&rsquo;\u00eatre assimil\u00e9s linguistiquement et culturellement par leurs puissants voisins.<br \/>\nParadoxalement, Montr\u00e9al, capitale \u00e9conomique de la province du Qu\u00e9bec, est la deuxi\u00e8me ville francophone du monde avec ses trois millions d&rsquo;habitants (avec la banlieue). Pour comprendre cette situation, rappelons bri\u00e8vement les faits marquants de l&rsquo;histoire de Montr\u00e9al.<br \/>\n1642\u00a0: Paul de Chomedey, Sieur de Maisonneuve, fonde une colonie d&rsquo;une quarantaine de personnes sur l&rsquo;\u00eele de Montr\u00e9al, au lieu-dit Pointe-\u00e0-Calli\u00e8res. La population cro\u00eet par l&rsquo;arriv\u00e9e r\u00e9guli\u00e8re de colons fran\u00e7ais pour atteindre plusieurs milliers au d\u00e9but du XVIIIe si\u00e8cle. Ainsi, de 1663 \u00e0 1673, 961 jeunes femmes embarquent \u00e0 Dieppe et \u00e0 La Rochelle pour peupler la colonie. On les appela \u00ab\u00a0filles du roi\u00a0\u00bb parce que leur \u00e9quipement et leur voyage furent pay\u00e9s par le tr\u00e9sor royal.<br \/>\n1759\u00a0: au terme d&rsquo;un si\u00e8ge de trois mois, Qu\u00e9bec tombe aux mains des Britanniques. L&rsquo;ann\u00e9e suivante, le Marquis de Vaudreuil, commandant de la place de Montr\u00e9al, se rend sans combattre. Les marchands britanniques prennent le contr\u00f4le du commerce de la ville.<\/p>\n<p style=\"text-align: justify;\">A partir de l\u00e0, le peuplement de Montr\u00e9al va s&rsquo;effectuer par l&rsquo;apport d&rsquo;\u00e9l\u00e9ments essentiellement anglophones. Anglais, \u00c9cossais et Irlandais viennent gonfler la population qui atteint 58.000 habitants au milieu du XIXe si\u00e8cle. On assiste \u00e0 une r\u00e9partition g\u00e9ographique\u00a0: les francophones \u00e0 l&rsquo;est et les anglophones \u00e0 l&rsquo;ouest. Tout au long du XIXe si\u00e8cle, les gouvernements successifs favorisent l&rsquo;immigration d&rsquo;anglophones vers le Qu\u00e9bec, mais aussi vers l&rsquo;Ontario et vers les plaines de l&rsquo;ouest. Parall\u00e8lement, on assiste \u00e0 un exode des Qu\u00e9b\u00e9cois francophones vers les \u00c9tats-Unis, attir\u00e9s par les salaires plus avantageux. A telle enseigne qu&rsquo;on peut se demander comment le Qu\u00e9bec et Montr\u00e9al en particulier sont-ils rest\u00e9s majoritairement francophones. Il est vrai qu&rsquo;\u00e0 Montr\u00e9al, la bourgeoisie capitaliste anglophone a fait venir des campagnes une main-d\u2019\u0153uvre francophone.<\/p>\n<p style=\"text-align: justify;\">Mais il y a un autre facteur. Le d\u00e9veloppement \u00e9conomique favorise l&rsquo;arriv\u00e9e de nouveaux groupes d&rsquo;immigrants\u00a0: Italiens, Russes, Ukrainiens, des Juifs aussi qui fuient l&rsquo;Europe devant la mont\u00e9e des nationalismes. Au d\u00e9but de la premi\u00e8re guerre mondiale, la population de Montr\u00e9al s&rsquo;\u00e9l\u00e8ve \u00e0 un million d&rsquo;habitants. Il est difficile de d\u00e9terminer quelle est la part de francophones, car les nouveaux arrivants adoptent tant\u00f4t l&rsquo;anglais, tant\u00f4t le fran\u00e7ais, parfois les deux. Il faut aussi rappeler que, avant l&rsquo;ind\u00e9pendance des colonies britanniques qui formeront l&rsquo;\u00e9bauche des \u00c9tats-Unis d&rsquo;Am\u00e9rique, le Nouvelle France s&rsquo;\u00e9tendait jusqu&rsquo;\u00e0 la Louisiane. Ceci t\u00e9moigne de l&rsquo;importance de la pr\u00e9sence fran\u00e7aise sur le Nouveau Continent. Selon les statistiques, la population est majoritairement francophone au d\u00e9but du XXe si\u00e8cle. A la fin du XXe si\u00e8cle, le Qu\u00e9bec, deuxi\u00e8me province du Canada avec sept millions d&rsquo;habitants, est francophone \u00e0 83\u00a0%. Le Grand Montr\u00e9al compte pour 46\u00a0% de la population de la Belle Province. En d\u00e9pit de cette \u00e9crasante majorit\u00e9, les francophones restent inquiets pour leur identit\u00e9 culturelle. Cette inqui\u00e9tude alimente les vell\u00e9it\u00e9s souverainistes, que nous \u00e9voquerons plus loin.<\/p>\n","protected":false},"excerpt":{"rendered":"<p>Strasbourg &#8211; Enjeux et perspectives Depuis deux mille ans, Strasbourg est situ\u00e9e aux confins de deux mondes, le monde latin et le monde germanique. Quelle est donc sa v\u00e9ritable nature\u00a0? &hellip; <a href=\"http:\/\/www.infoline.be\/jacques\/villes-carrefours-de-civilisation\/villes-carrefours-extraits\/\" class=\"more-link\">Continuer la lecture de <span class=\"screen-reader-text\">Villes-carrefours<br \/># Extraits<\/span>  <span class=\"meta-nav\">&rarr;<\/span><\/a><\/p>\n","protected":false},"author":1,"featured_media":0,"parent":455,"menu_order":0,"comment_status":"closed","ping_status":"closed","template":"","meta":{"jetpack_post_was_ever_published":false,"footnotes":""},"class_list":["post-457","page","type-page","status-publish","hentry"],"jetpack_sharing_enabled":true,"jetpack_shortlink":"https:\/\/wp.me\/P5j3HX-7n","_links":{"self":[{"href":"http:\/\/www.infoline.be\/jacques\/wp-json\/wp\/v2\/pages\/457","targetHints":{"allow":["GET"]}}],"collection":[{"href":"http:\/\/www.infoline.be\/jacques\/wp-json\/wp\/v2\/pages"}],"about":[{"href":"http:\/\/www.infoline.be\/jacques\/wp-json\/wp\/v2\/types\/page"}],"author":[{"embeddable":true,"href":"http:\/\/www.infoline.be\/jacques\/wp-json\/wp\/v2\/users\/1"}],"replies":[{"embeddable":true,"href":"http:\/\/www.infoline.be\/jacques\/wp-json\/wp\/v2\/comments?post=457"}],"version-history":[{"count":8,"href":"http:\/\/www.infoline.be\/jacques\/wp-json\/wp\/v2\/pages\/457\/revisions"}],"predecessor-version":[{"id":478,"href":"http:\/\/www.infoline.be\/jacques\/wp-json\/wp\/v2\/pages\/457\/revisions\/478"}],"up":[{"embeddable":true,"href":"http:\/\/www.infoline.be\/jacques\/wp-json\/wp\/v2\/pages\/455"}],"wp:attachment":[{"href":"http:\/\/www.infoline.be\/jacques\/wp-json\/wp\/v2\/media?parent=457"}],"curies":[{"name":"wp","href":"https:\/\/api.w.org\/{rel}","templated":true}]}}